{"id":34801,"date":"2023-03-27T20:35:59","date_gmt":"2023-03-27T18:35:59","guid":{"rendered":"https:\/\/petzl-training.cornuz.ch\/accueil\/"},"modified":"2024-09-16T21:58:18","modified_gmt":"2024-09-16T19:58:18","slug":"accueil","status":"publish","type":"page","link":"https:\/\/petzl-solutions-switzerland.com\/fr\/","title":{"rendered":"Accueil"},"content":{"rendered":"<p>[et_pb_section fb_built=\u00a0\u00bb1&Prime; custom_padding_last_edited=\u00a0\u00bbon|phone\u00a0\u00bb _builder_version=\u00a0\u00bb4.27.0&Prime; _module_preset=\u00a0\u00bbdefault\u00a0\u00bb background_color=\u00a0\u00bb#000000&Prime; background_video_mp4=\u00a0\u00bbhttps:\/\/petzl-solutions-switzerland.com\/wp-content\/uploads\/2024\/09\/petzl-rescueoperation-360-short.webmsd.webm\u00a0\u00bb background_video_webm=\u00a0\u00bbhttps:\/\/petzl-solutions-switzerland.com\/wp-content\/uploads\/2024\/09\/petzl-rescueoperation-360-short.webmsd.webm\u00a0\u00bb width=\u00a0\u00bb100%\u00a0\u00bb module_alignment=\u00a0\u00bbcenter\u00a0\u00bb custom_padding=\u00a0\u00bb||75px|||\u00a0\u00bb custom_padding_tablet=\u00a0\u00bb||75px|||\u00a0\u00bb custom_padding_phone=\u00a0\u00bb45px||135px||false|false\u00a0\u00bb bottom_divider_style=\u00a0\u00bbarrow2&Prime; bottom_divider_color=\u00a0\u00bb#FFD500&Prime; hover_enabled=\u00a0\u00bb0&Prime; global_colors_info=\u00a0\u00bb{}\u00a0\u00bb title_text=\u00a0\u00bbpetzl-rescueoperation-360-short.webmsd\u00a0\u00bb sticky_enabled=\u00a0\u00bb0&Prime;][et_pb_row _builder_version=\u00a0\u00bb4.27.0&Prime; _module_preset=\u00a0\u00bbdefault\u00a0\u00bb background_color=\u00a0\u00bbRGBA(255,255,255,0)\u00a0\u00bb width_tablet=\u00a0\u00bb80%\u00a0\u00bb width_phone=\u00a0\u00bb90%\u00a0\u00bb width_last_edited=\u00a0\u00bbon|phone\u00a0\u00bb max_width=\u00a0\u00bb960px\u00a0\u00bb module_alignment=\u00a0\u00bbcenter\u00a0\u00bb custom_margin=\u00a0\u00bb||||false|false\u00a0\u00bb custom_padding=\u00a0\u00bb|30px||30px|false|true\u00a0\u00bb background_color_tablet=\u00a0\u00bbRGBA(255,255,255,0)\u00a0\u00bb background_color_phone=\u00a0\u00bbrgba(0,0,0,0.5)\u00a0\u00bb background_last_edited=\u00a0\u00bbon|phone\u00a0\u00bb background_enable_color_tablet=\u00a0\u00bbon\u00a0\u00bb background_enable_color_phone=\u00a0\u00bbon\u00a0\u00bb border_radii=\u00a0\u00bbon|10px|10px|10px|10px\u00a0\u00bb global_colors_info=\u00a0\u00bb{}\u00a0\u00bb][et_pb_column type=\u00a0\u00bb4_4&Prime; _builder_version=\u00a0\u00bb4.25.2&Prime; _module_preset=\u00a0\u00bbdefault\u00a0\u00bb global_colors_info=\u00a0\u00bb{}\u00a0\u00bb][et_pb_text _builder_version=\u00a0\u00bb4.27.0&Prime; _module_preset=\u00a0\u00bbdefault\u00a0\u00bb text_font=\u00a0\u00bbHelvetica Neue &#8211; Light||||||||\u00a0\u00bb text_text_color=\u00a0\u00bb#FFFFFF\u00a0\u00bb text_font_size=\u00a0\u00bb24px\u00a0\u00bb text_letter_spacing=\u00a0\u00bb0.03em\u00a0\u00bb text_line_height=\u00a0\u00bb1.4em\u00a0\u00bb header_font=\u00a0\u00bbHelvetica Neue &#8211; Bold|700|||||||\u00a0\u00bb header_text_color=\u00a0\u00bb#FFFFFF\u00a0\u00bb header_font_size=\u00a0\u00bb64px\u00a0\u00bb header_letter_spacing=\u00a0\u00bb-0.02em\u00a0\u00bb text_orientation=\u00a0\u00bbcenter\u00a0\u00bb text_font_size_tablet=\u00a0\u00bb18px\u00a0\u00bb text_font_size_phone=\u00a0\u00bb18px\u00a0\u00bb text_font_size_last_edited=\u00a0\u00bbon|desktop\u00a0\u00bb header_font_size_tablet=\u00a0\u00bb56px\u00a0\u00bb header_font_size_phone=\u00a0\u00bb36px\u00a0\u00bb header_font_size_last_edited=\u00a0\u00bbon|phone\u00a0\u00bb text_text_shadow_style=\u00a0\u00bbpreset3&Prime; text_text_shadow_blur_strength=\u00a0\u00bb0.18em\u00a0\u00bb text_text_shadow_color=\u00a0\u00bbrgba(0,0,0,0.75)\u00a0\u00bb global_colors_info=\u00a0\u00bb{}\u00a0\u00bb]<\/p>\n<p><strong><img loading=\"lazy\" decoding=\"async\" src=\"\/wp-content\/uploads\/2024\/08\/480px-Flag_of_Switzerland.svg-150x150.png\" width=\"18\" height=\"18\" alt=\"\" class=\"wp-image-34790 alignnone size-thumbnail\" srcset=\"https:\/\/i0.wp.com\/petzl-solutions-switzerland.com\/wp-content\/uploads\/2024\/08\/480px-Flag_of_Switzerland.svg.png?resize=150%2C150&amp;ssl=1 150w, https:\/\/i0.wp.com\/petzl-solutions-switzerland.com\/wp-content\/uploads\/2024\/08\/480px-Flag_of_Switzerland.svg.png?w=480&amp;ssl=1 480w\" sizes=\"(max-width: 18px) 100vw, 18px\" \/> Agence Petzl Suisse<\/strong><\/p>\n<h1>Petzl Technical Institute<\/h1>\n<p><span>L\u2019agence PETZL Suisse, Agence 10ch SA, bas\u00e9e \u00e0 Pal\u00e9zieux, fait partie des pionniers de la formation et est d\u00e9j\u00e0 PETZL TECHNICAL INSTITUTE (PTI) depuis 2011. Bas\u00e9e pr\u00e8s de Lausanne, l\u2019agence dispose d\u2019une infrastructure de formation extr\u00eamement vari\u00e9e.<br \/>Gr\u00e2ce \u00e0 son r\u00e9seau de sp\u00e9cialistes et de partenaires, elle se d\u00e9place dans toute la Suisse.  <\/span><\/p>\n<p>[\/et_pb_text][et_pb_button button_url=\u00a0\u00bbhttps:\/\/petzl.com\u00a0\u00bb url_new_window=\u00a0\u00bbon\u00a0\u00bb button_text=\u00a0\u00bbPETZL.COM\u00a0\u00bb button_alignment=\u00a0\u00bbcenter\u00a0\u00bb disabled_on=\u00a0\u00bboff|off|on\u00a0\u00bb _builder_version=\u00a0\u00bb4.27.0&Prime; _module_preset=\u00a0\u00bbdefault\u00a0\u00bb custom_button=\u00a0\u00bbon\u00a0\u00bb button_text_size=\u00a0\u00bb18px\u00a0\u00bb button_text_color=\u00a0\u00bb#FFFFFF\u00a0\u00bb button_bg_color=\u00a0\u00bb#000000&Prime; button_font=\u00a0\u00bbHelvetica Neue &#8211; Bold||||||||\u00a0\u00bb background_layout=\u00a0\u00bbdark\u00a0\u00bb custom_padding=\u00a0\u00bb0.6em|2em|0.6em|2em|true|true\u00a0\u00bb box_shadow_style=\u00a0\u00bbpreset1&Prime; global_colors_info=\u00a0\u00bb{}\u00a0\u00bb][\/et_pb_button][\/et_pb_column][\/et_pb_row][et_pb_row column_structure=\u00a0\u00bb1_3,1_3,1_3&Prime; use_custom_gutter=\u00a0\u00bbon\u00a0\u00bb gutter_width=\u00a0\u00bb2&Prime; make_equal=\u00a0\u00bbon\u00a0\u00bb disabled_on=\u00a0\u00bbon|on|off\u00a0\u00bb _builder_version=\u00a0\u00bb4.27.0&Prime; _module_preset=\u00a0\u00bbdefault\u00a0\u00bb max_width=\u00a0\u00bb960px\u00a0\u00bb custom_padding=\u00a0\u00bb||0px|||\u00a0\u00bb global_colors_info=\u00a0\u00bb{}\u00a0\u00bb custom_margin__hover_enabled=\u00a0\u00bboff|desktop\u00a0\u00bb][et_pb_column type=\u00a0\u00bb1_3&Prime; _builder_version=\u00a0\u00bb4.27.0&Prime; _module_preset=\u00a0\u00bbdefault\u00a0\u00bb background_color=\u00a0\u00bb#FFFFFF\u00a0\u00bb transform_scale_last_edited=\u00a0\u00bboff|desktop\u00a0\u00bb transform_translate_last_edited=\u00a0\u00bboff|desktop\u00a0\u00bb transform_rotate_last_edited=\u00a0\u00bboff|desktop\u00a0\u00bb transform_skew_last_edited=\u00a0\u00bboff|desktop\u00a0\u00bb transform_origin_last_edited=\u00a0\u00bboff|desktop\u00a0\u00bb transform_styles_last_edited=\u00a0\u00bboff|desktop\u00a0\u00bb vertical_offset=\u00a0\u00bb0px\u00a0\u00bb custom_padding=\u00a0\u00bb30px|45px|60px|45px|false|true\u00a0\u00bb custom_padding_tablet=\u00a0\u00bb30px|45px|60px|45px|false|true\u00a0\u00bb custom_padding_phone=\u00a0\u00bb30px|25px|45px|25px|false|true\u00a0\u00bb custom_padding_last_edited=\u00a0\u00bbon|phone\u00a0\u00bb hover_transition_duration=\u00a0\u00bb900ms\u00a0\u00bb link_option_url=\u00a0\u00bbhttps:\/\/www.petzl.com\/CH\/de\u00a0\u00bb link_option_url_new_window=\u00a0\u00bbon\u00a0\u00bb border_radii=\u00a0\u00bbon|8px|8px|8px|8px\u00a0\u00bb border_width_all=\u00a0\u00bb3px\u00a0\u00bb border_color_all=\u00a0\u00bb#FFFFFF\u00a0\u00bb box_shadow_style=\u00a0\u00bbpreset1&Prime; box_shadow_blur=\u00a0\u00bb10px\u00a0\u00bb box_shadow_color=\u00a0\u00bbrgba(0,0,0,0.15)\u00a0\u00bb global_colors_info=\u00a0\u00bb{}\u00a0\u00bb border_width_all__hover_enabled=\u00a0\u00bboff|hover\u00a0\u00bb border_width_all__hover=\u00a0\u00bb3px\u00a0\u00bb border_color_all__hover_enabled=\u00a0\u00bbon|hover\u00a0\u00bb border_color_all__hover=\u00a0\u00bb#FFD500&Prime; box_shadow_color__hover_enabled=\u00a0\u00bbon|hover\u00a0\u00bb box_shadow_color__hover=\u00a0\u00bbrgba(0,0,0,0.3)\u00a0\u00bb box_shadow_vertical__hover_enabled=\u00a0\u00bbon|hover\u00a0\u00bb box_shadow_vertical__hover=\u00a0\u00bb6px\u00a0\u00bb position_origin_r__hover_enabled=\u00a0\u00bbon|hover\u00a0\u00bb positioning__hover_enabled=\u00a0\u00bbon|desktop\u00a0\u00bb position_origin_f__hover_enabled=\u00a0\u00bbon|desktop\u00a0\u00bb position_origin_a__hover_enabled=\u00a0\u00bbon|desktop\u00a0\u00bb vertical_offset__hover_enabled=\u00a0\u00bbon|hover\u00a0\u00bb vertical_offset__hover=\u00a0\u00bb-15px\u00a0\u00bb transform_styles__hover_enabled=\u00a0\u00bbon|hover\u00a0\u00bb transform_scale__hover_enabled=\u00a0\u00bbon|hover\u00a0\u00bb transform_translate__hover_enabled=\u00a0\u00bbon|desktop\u00a0\u00bb transform_rotate__hover_enabled=\u00a0\u00bbon|desktop\u00a0\u00bb transform_skew__hover_enabled=\u00a0\u00bbon|desktop\u00a0\u00bb transform_origin__hover_enabled=\u00a0\u00bbon|desktop\u00a0\u00bb][et_pb_image src=\u00a0\u00bb\/wp-content\/uploads\/2024\/07\/petzlbaseline1-mod.png\u00a0\u00bb alt=\u00a0\u00bbpetzl training &#8211; Su\u00e8de\u00a0\u00bb title_text=\u00a0\u00bbpetzlbaseline1-mod\u00a0\u00bb align=\u00a0\u00bbcenter\u00a0\u00bb _builder_version=\u00a0\u00bb4.27.0&Prime; _module_preset=\u00a0\u00bbdefault\u00a0\u00bb width_tablet=\u00a0\u00bb\u00a0\u00bb width_phone=\u00a0\u00bbauto\u00a0\u00bb width_last_edited=\u00a0\u00bbon|desktop\u00a0\u00bb module_alignment=\u00a0\u00bbcenter\u00a0\u00bb height_tablet=\u00a0\u00bb160px\u00a0\u00bb height_phone=\u00a0\u00bb64px\u00a0\u00bb height_last_edited=\u00a0\u00bbon|desktop\u00a0\u00bb custom_margin=\u00a0\u00bb48px||48px||true|false\u00a0\u00bb custom_margin_tablet=\u00a0\u00bb48px||48px||true|false\u00a0\u00bb custom_margin_phone=\u00a0\u00bb18px||18px||true|false\u00a0\u00bb custom_margin_last_edited=\u00a0\u00bbon|phone\u00a0\u00bb global_colors_info=\u00a0\u00bb{}\u00a0\u00bb][\/et_pb_image][et_pb_text _builder_version=\u00a0\u00bb4.27.0&Prime; _module_preset=\u00a0\u00bbdefault\u00a0\u00bb text_font=\u00a0\u00bbHelvetica Neue &#8211; Light||||||||\u00a0\u00bb text_letter_spacing=\u00a0\u00bb0.04em\u00a0\u00bb text_line_height=\u00a0\u00bb1.4em\u00a0\u00bb header_3_font=\u00a0\u00bbHelvetica Neue &#8211; Thin|300|||||||\u00a0\u00bb header_3_font_size=\u00a0\u00bb24px\u00a0\u00bb header_3_letter_spacing=\u00a0\u00bb0.05em\u00a0\u00bb header_3_line_height=\u00a0\u00bb1.1em\u00a0\u00bb text_orientation=\u00a0\u00bbcenter\u00a0\u00bb global_colors_info=\u00a0\u00bb{}\u00a0\u00bb]<\/p>\n<h3>PETZL.COM<\/h3>\n<p><span>Vers la page principale<\/span><\/p>\n<p>[\/et_pb_text][\/et_pb_column][et_pb_column type=\u00a0\u00bb1_3&Prime; _builder_version=\u00a0\u00bb4.27.0&Prime; _dynamic_attributes=\u00a0\u00bblink_option_url\u00a0\u00bb _module_preset=\u00a0\u00bbdefault\u00a0\u00bb background_color=\u00a0\u00bb#FFFFFF\u00a0\u00bb custom_padding=\u00a0\u00bb30px|45px|60px|45px|false|true\u00a0\u00bb custom_padding_tablet=\u00a0\u00bb30px|45px|60px|45px|false|true\u00a0\u00bb custom_padding_phone=\u00a0\u00bb30px|25px|45px|25px|false|true\u00a0\u00bb custom_padding_last_edited=\u00a0\u00bbon|phone\u00a0\u00bb link_option_url=\u00a0\u00bb@ET-DC@eyJkeW5hbWljIjp0cnVlLCJjb250ZW50IjoicG9zdF9saW5rX3VybF9wYWdlIiwic2V0dGluZ3MiOnsicG9zdF9pZCI6IjEyNjUifX0=@\u00a0\u00bb border_radii=\u00a0\u00bbon|8px|8px|8px|8px\u00a0\u00bb border_width_all=\u00a0\u00bb3px\u00a0\u00bb border_color_all=\u00a0\u00bb#FFFFFF\u00a0\u00bb box_shadow_style=\u00a0\u00bbpreset1&Prime; box_shadow_blur=\u00a0\u00bb10px\u00a0\u00bb box_shadow_color=\u00a0\u00bbrgba(0,0,0,0.15)\u00a0\u00bb global_colors_info=\u00a0\u00bb{}\u00a0\u00bb border_width_all__hover_enabled=\u00a0\u00bboff|desktop\u00a0\u00bb border_width_all__hover=\u00a0\u00bb3px\u00a0\u00bb border_color_all__hover_enabled=\u00a0\u00bbon|hover\u00a0\u00bb border_color_all__hover=\u00a0\u00bb#FFD500&Prime; box_shadow_vertical__hover_enabled=\u00a0\u00bbon|hover\u00a0\u00bb box_shadow_vertical__hover=\u00a0\u00bb6px\u00a0\u00bb box_shadow_color__hover_enabled=\u00a0\u00bbon|hover\u00a0\u00bb box_shadow_color__hover=\u00a0\u00bbrgba(0,0,0,0.3)\u00a0\u00bb vertical_offset__hover_enabled=\u00a0\u00bbon|hover\u00a0\u00bb vertical_offset__hover=\u00a0\u00bb-15px\u00a0\u00bb][et_pb_image src=\u00a0\u00bb\/wp-content\/uploads\/2024\/08\/certif.png\u00a0\u00bb alt=\u00a0\u00bbpetzl training &#8211; Su\u00e8de\u00a0\u00bb title_text=\u00a0\u00bbcertif\u00a0\u00bb align=\u00a0\u00bbcenter\u00a0\u00bb _builder_version=\u00a0\u00bb4.27.0&Prime; _module_preset=\u00a0\u00bbdefault\u00a0\u00bb width_tablet=\u00a0\u00bb\u00a0\u00bb width_phone=\u00a0\u00bbauto\u00a0\u00bb width_last_edited=\u00a0\u00bbon|phone\u00a0\u00bb module_alignment=\u00a0\u00bbcenter\u00a0\u00bb height=\u00a0\u00bb135px\u00a0\u00bb height_tablet=\u00a0\u00bb160px\u00a0\u00bb height_phone=\u00a0\u00bb180px\u00a0\u00bb height_last_edited=\u00a0\u00bbon|phone\u00a0\u00bb custom_margin_tablet=\u00a0\u00bb\u00a0\u00bb custom_margin_phone=\u00a0\u00bb17px||17px||true|false\u00a0\u00bb custom_margin_last_edited=\u00a0\u00bbon|phone\u00a0\u00bb custom_padding=\u00a0\u00bb||2px|||\u00a0\u00bb global_colors_info=\u00a0\u00bb{}\u00a0\u00bb][\/et_pb_image][et_pb_text _builder_version=\u00a0\u00bb4.27.0&Prime; _module_preset=\u00a0\u00bbdefault\u00a0\u00bb text_font=\u00a0\u00bbHelvetica Neue &#8211; Light||||||||\u00a0\u00bb text_letter_spacing=\u00a0\u00bb0.04em\u00a0\u00bb text_line_height=\u00a0\u00bb1.4em\u00a0\u00bb header_3_font=\u00a0\u00bbHelvetica Neue &#8211; Thin|300|||||||\u00a0\u00bb header_3_font_size=\u00a0\u00bb24px\u00a0\u00bb header_3_letter_spacing=\u00a0\u00bb0.05em\u00a0\u00bb header_3_line_height=\u00a0\u00bb1.1em\u00a0\u00bb text_orientation=\u00a0\u00bbcenter\u00a0\u00bb global_colors_info=\u00a0\u00bb{}\u00a0\u00bb]<\/p>\n<h3><span>FORMATIONS<\/span><\/h3>\n<p><span>L&rsquo;Institut Technique Petzl Suisse<\/span><\/p>\n<p>[\/et_pb_text][\/et_pb_column][et_pb_column type=\u00a0\u00bb1_3&Prime; _builder_version=\u00a0\u00bb4.27.0&Prime; _dynamic_attributes=\u00a0\u00bblink_option_url\u00a0\u00bb _module_preset=\u00a0\u00bbdefault\u00a0\u00bb background_color=\u00a0\u00bb#FFFFFF\u00a0\u00bb custom_padding=\u00a0\u00bb30px|45px|60px|45px|false|true\u00a0\u00bb custom_padding_tablet=\u00a0\u00bb30px|45px|60px|45px|false|true\u00a0\u00bb custom_padding_phone=\u00a0\u00bb30px|25px|45px|25px|false|true\u00a0\u00bb custom_padding_last_edited=\u00a0\u00bbon|phone\u00a0\u00bb link_option_url=\u00a0\u00bb@ET-DC@eyJkeW5hbWljIjp0cnVlLCJjb250ZW50IjoicG9zdF9saW5rX3VybF9wYWdlIiwic2V0dGluZ3MiOnsicG9zdF9pZCI6IjU5In19@\u00a0\u00bb border_radii=\u00a0\u00bbon|8px|8px|8px|8px\u00a0\u00bb border_width_all=\u00a0\u00bb3px\u00a0\u00bb border_color_all=\u00a0\u00bb#FFFFFF\u00a0\u00bb box_shadow_style=\u00a0\u00bbpreset1&Prime; box_shadow_blur=\u00a0\u00bb10px\u00a0\u00bb box_shadow_color=\u00a0\u00bbrgba(0,0,0,0.15)\u00a0\u00bb global_colors_info=\u00a0\u00bb{}\u00a0\u00bb border_width_all__hover_enabled=\u00a0\u00bboff|desktop\u00a0\u00bb border_width_all__hover=\u00a0\u00bb3px\u00a0\u00bb border_color_all__hover_enabled=\u00a0\u00bbon|hover\u00a0\u00bb border_color_all__hover=\u00a0\u00bb#FFD500&Prime; box_shadow_vertical__hover_enabled=\u00a0\u00bbon|hover\u00a0\u00bb box_shadow_vertical__hover=\u00a0\u00bb6px\u00a0\u00bb box_shadow_color__hover_enabled=\u00a0\u00bbon|hover\u00a0\u00bb box_shadow_color__hover=\u00a0\u00bbrgba(0,0,0,0.3)\u00a0\u00bb vertical_offset__hover_enabled=\u00a0\u00bbon|hover\u00a0\u00bb vertical_offset__hover=\u00a0\u00bb-15px\u00a0\u00bb][et_pb_image src=\u00a0\u00bb\/wp-content\/uploads\/2023\/07\/pti-logo.jpeg\u00a0\u00bb alt=\u00a0\u00bbPTI Logo\u00a0\u00bb title_text=\u00a0\u00bblogo pti\u00a0\u00bb align=\u00a0\u00bbcenter\u00a0\u00bb _builder_version=\u00a0\u00bb4.27.0&Prime; _module_preset=\u00a0\u00bbdefault\u00a0\u00bb width_tablet=\u00a0\u00bb\u00a0\u00bb width_phone=\u00a0\u00bbauto\u00a0\u00bb width_last_edited=\u00a0\u00bbon|phone\u00a0\u00bb module_alignment=\u00a0\u00bbcenter\u00a0\u00bb height=\u00a0\u00bb140px\u00a0\u00bb height_tablet=\u00a0\u00bb160px\u00a0\u00bb height_phone=\u00a0\u00bb64px\u00a0\u00bb height_last_edited=\u00a0\u00bbon|phone\u00a0\u00bb custom_margin_tablet=\u00a0\u00bb\u00a0\u00bb custom_margin_phone=\u00a0\u00bb28px||28px||true|false\u00a0\u00bb custom_margin_last_edited=\u00a0\u00bbon|desktop\u00a0\u00bb global_colors_info=\u00a0\u00bb{}\u00a0\u00bb][\/et_pb_image][et_pb_text _builder_version=\u00a0\u00bb4.27.0&Prime; _module_preset=\u00a0\u00bbdefault\u00a0\u00bb text_font=\u00a0\u00bbHelvetica Neue &#8211; Light||||||||\u00a0\u00bb text_letter_spacing=\u00a0\u00bb0.04em\u00a0\u00bb text_line_height=\u00a0\u00bb1.4em\u00a0\u00bb header_3_font=\u00a0\u00bbHelvetica Neue &#8211; Thin|300|||||||\u00a0\u00bb header_3_font_size=\u00a0\u00bb24px\u00a0\u00bb header_3_letter_spacing=\u00a0\u00bb0.05em\u00a0\u00bb header_3_line_height=\u00a0\u00bb1.1em\u00a0\u00bb text_orientation=\u00a0\u00bbcenter\u00a0\u00bb global_colors_info=\u00a0\u00bb{}\u00a0\u00bb]<\/p>\n<h3>\u00c0 PROPOS DE NOUS<\/h3>\n<p><span>et nos partenaires<\/span><span><\/span><\/p>\n<p>[\/et_pb_text][\/et_pb_column][\/et_pb_row][\/et_pb_section][et_pb_section fb_built=\u00a0\u00bb1&Prime; _builder_version=\u00a0\u00bb4.27.0&Prime; _module_preset=\u00a0\u00bbdefault\u00a0\u00bb background_color=\u00a0\u00bb#FFD500&Prime; custom_padding=\u00a0\u00bb29px|||||\u00a0\u00bb global_colors_info=\u00a0\u00bb{}\u00a0\u00bb][et_pb_row column_structure=\u00a0\u00bb1_2,1_4,1_4&Prime; use_custom_gutter=\u00a0\u00bbon\u00a0\u00bb gutter_width=\u00a0\u00bb2&Prime; make_equal=\u00a0\u00bbon\u00a0\u00bb _builder_version=\u00a0\u00bb4.27.0&Prime; _module_preset=\u00a0\u00bbdefault\u00a0\u00bb custom_padding=\u00a0\u00bb||0px|||\u00a0\u00bb global_colors_info=\u00a0\u00bb{}\u00a0\u00bb][et_pb_column type=\u00a0\u00bb1_2&Prime; _builder_version=\u00a0\u00bb4.27.0&Prime; _module_preset=\u00a0\u00bbdefault\u00a0\u00bb global_colors_info=\u00a0\u00bb{}\u00a0\u00bb][et_pb_blog posts_number=\u00a0\u00bb1&Prime; include_categories=\u00a0\u00bball\u00a0\u00bb show_author=\u00a0\u00bboff\u00a0\u00bb show_date=\u00a0\u00bboff\u00a0\u00bb show_pagination=\u00a0\u00bboff\u00a0\u00bb use_overlay=\u00a0\u00bbon\u00a0\u00bb overlay_icon_color=\u00a0\u00bb#000000&Prime; hover_overlay_color=\u00a0\u00bbrgba(255,213,0,0.65)\u00a0\u00bb _builder_version=\u00a0\u00bb4.27.0&Prime; _dynamic_attributes=\u00a0\u00bblink_option_url\u00a0\u00bb _module_preset=\u00a0\u00bbdefault\u00a0\u00bb header_font=\u00a0\u00bb|700|||||||\u00a0\u00bb header_text_color=\u00a0\u00bb#000000&Prime; body_font=\u00a0\u00bb||||||||\u00a0\u00bb body_text_color=\u00a0\u00bb#000000&Prime; meta_font=\u00a0\u00bb|300||on|||||\u00a0\u00bb meta_text_color=\u00a0\u00bb#000000&Prime; meta_font_size=\u00a0\u00bb14px\u00a0\u00bb meta_letter_spacing=\u00a0\u00bb1px\u00a0\u00bb link_option_url=\u00a0\u00bb@ET-DC@eyJkeW5hbWljIjp0cnVlLCJjb250ZW50IjoicG9zdF9saW5rX3VybF9wb3N0Iiwic2V0dGluZ3MiOnsicG9zdF9pZCI6IjMzNzQwIn19@\u00a0\u00bb custom_css_free_form=\u00a0\u00bbselector .entry-title a:hover { text-decoration: underline; }\u00a0\u00bb global_colors_info=\u00a0\u00bb{}\u00a0\u00bb header_text_color__hover_enabled=\u00a0\u00bbon|hover\u00a0\u00bb header_text_color__hover=\u00a0\u00bb#000000&Prime; background__hover_enabled=\u00a0\u00bboff|desktop\u00a0\u00bb background_color__hover=\u00a0\u00bb#FFFFFF\u00a0\u00bb background_enable_color__hover=\u00a0\u00bbon\u00a0\u00bb border_width_all_image__hover_enabled=\u00a0\u00bboff|hover\u00a0\u00bb][\/et_pb_blog][\/et_pb_column][et_pb_column type=\u00a0\u00bb1_4&Prime; _builder_version=\u00a0\u00bb4.27.0&Prime; _module_preset=\u00a0\u00bbdefault\u00a0\u00bb custom_padding=\u00a0\u00bb|30px||30px|false|true\u00a0\u00bb custom_padding_tablet=\u00a0\u00bb|||0px|false|false\u00a0\u00bb custom_padding_phone=\u00a0\u00bb|0px|||false|false\u00a0\u00bb custom_padding_last_edited=\u00a0\u00bbon|desktop\u00a0\u00bb border_width_left=\u00a0\u00bb1px\u00a0\u00bb border_color_left=\u00a0\u00bb#000000&Prime; border_width_left_tablet=\u00a0\u00bb0px\u00a0\u00bb border_width_left_phone=\u00a0\u00bb0px\u00a0\u00bb border_width_left_last_edited=\u00a0\u00bbon|tablet\u00a0\u00bb global_colors_info=\u00a0\u00bb{}\u00a0\u00bb][et_pb_blog posts_number=\u00a0\u00bb2&Prime; include_categories=\u00a0\u00bball\u00a0\u00bb use_manual_excerpt=\u00a0\u00bboff\u00a0\u00bb excerpt_length=\u00a0\u00bb120&Prime; show_author=\u00a0\u00bboff\u00a0\u00bb show_date=\u00a0\u00bboff\u00a0\u00bb show_excerpt=\u00a0\u00bboff\u00a0\u00bb show_pagination=\u00a0\u00bboff\u00a0\u00bb offset_number=\u00a0\u00bb1&Prime; use_overlay=\u00a0\u00bbon\u00a0\u00bb overlay_icon_color=\u00a0\u00bb#000000&Prime; hover_overlay_color=\u00a0\u00bbrgba(255,213,0,0.65)\u00a0\u00bb _builder_version=\u00a0\u00bb4.27.0&Prime; _module_preset=\u00a0\u00bbdefault\u00a0\u00bb header_font=\u00a0\u00bb|700|||||||\u00a0\u00bb header_text_color=\u00a0\u00bb#000000&Prime; meta_font=\u00a0\u00bb|300||on|||||\u00a0\u00bb meta_text_color=\u00a0\u00bb#000000&Prime; meta_font_size=\u00a0\u00bb13px\u00a0\u00bb meta_letter_spacing=\u00a0\u00bb1px\u00a0\u00bb custom_css_free_form=\u00a0\u00bbselector .entry-title a:hover { text-decoration: underline; }\u00a0\u00bb global_colors_info=\u00a0\u00bb{}\u00a0\u00bb header_text_color__hover_enabled=\u00a0\u00bboff|hover\u00a0\u00bb header_text_color__hover=\u00a0\u00bb#FFFFFF\u00a0\u00bb background__hover_enabled=\u00a0\u00bboff|desktop\u00a0\u00bb background_color__hover=\u00a0\u00bb#FFFFFF\u00a0\u00bb background_enable_color__hover=\u00a0\u00bbon\u00a0\u00bb][\/et_pb_blog][\/et_pb_column][et_pb_column type=\u00a0\u00bb1_4&Prime; _builder_version=\u00a0\u00bb4.27.0&Prime; _module_preset=\u00a0\u00bbdefault\u00a0\u00bb custom_padding=\u00a0\u00bb|30px||30px|false|true\u00a0\u00bb custom_padding_tablet=\u00a0\u00bb|0px||30px|false|false\u00a0\u00bb custom_padding_phone=\u00a0\u00bb|||0px|false|false\u00a0\u00bb custom_padding_last_edited=\u00a0\u00bbon|desktop\u00a0\u00bb border_width_left=\u00a0\u00bb1px\u00a0\u00bb border_color_left=\u00a0\u00bb#000000&Prime; border_width_left_tablet=\u00a0\u00bb1px\u00a0\u00bb border_width_left_phone=\u00a0\u00bb0px\u00a0\u00bb border_width_left_last_edited=\u00a0\u00bbon|phone\u00a0\u00bb global_colors_info=\u00a0\u00bb{}\u00a0\u00bb][et_pb_blog posts_number=\u00a0\u00bb2&Prime; include_categories=\u00a0\u00bball\u00a0\u00bb use_manual_excerpt=\u00a0\u00bboff\u00a0\u00bb excerpt_length=\u00a0\u00bb120&Prime; show_author=\u00a0\u00bboff\u00a0\u00bb show_date=\u00a0\u00bboff\u00a0\u00bb show_excerpt=\u00a0\u00bboff\u00a0\u00bb show_pagination=\u00a0\u00bboff\u00a0\u00bb offset_number=\u00a0\u00bb3&Prime; use_overlay=\u00a0\u00bbon\u00a0\u00bb overlay_icon_color=\u00a0\u00bb#000000&Prime; hover_overlay_color=\u00a0\u00bbrgba(255,213,0,0.65)\u00a0\u00bb _builder_version=\u00a0\u00bb4.27.0&Prime; _module_preset=\u00a0\u00bbdefault\u00a0\u00bb header_font=\u00a0\u00bb|700|||||||\u00a0\u00bb header_text_color=\u00a0\u00bb#000000&Prime; meta_font=\u00a0\u00bb|300||on|||||\u00a0\u00bb meta_text_color=\u00a0\u00bb#000000&Prime; meta_font_size=\u00a0\u00bb13px\u00a0\u00bb meta_letter_spacing=\u00a0\u00bb1px\u00a0\u00bb custom_css_free_form=\u00a0\u00bbselector .entry-title a:hover { text-decoration: underline; }\u00a0\u00bb global_colors_info=\u00a0\u00bb{}\u00a0\u00bb header_text_color__hover_enabled=\u00a0\u00bboff|desktop\u00a0\u00bb header_text_color__hover=\u00a0\u00bb#FFFFFF\u00a0\u00bb][\/et_pb_blog][\/et_pb_column][\/et_pb_row][\/et_pb_section]<\/p>\n","protected":false},"excerpt":{"rendered":"<p>Agence Petzl Suisse Petzl Technical Institute L\u2019agence PETZL Suisse, Agence 10ch SA, bas\u00e9e \u00e0 Pal\u00e9zieux, fait partie des pionniers de la formation et est d\u00e9j\u00e0 PETZL TECHNICAL INSTITUTE (PTI) depuis 2011. Bas\u00e9e pr\u00e8s de Lausanne, l\u2019agence dispose d\u2019une infrastructure de formation extr\u00eamement vari\u00e9e.Gr\u00e2ce \u00e0 son r\u00e9seau de sp\u00e9cialistes et de partenaires, elle se d\u00e9place dans [&hellip;]<\/p>\n","protected":false},"author":667,"featured_media":0,"parent":0,"menu_order":0,"comment_status":"closed","ping_status":"closed","template":"","meta":{"_acf_changed":false,"_et_pb_use_builder":"on","_et_pb_old_content":"","_et_gb_content_width":"","footnotes":""},"class_list":["post-34801","page","type-page","status-publish","hentry"],"acf":[],"jetpack-related-posts":[],"jetpack_shortlink":"https:\/\/wp.me\/Pg2N1t-93j","jetpack_sharing_enabled":true,"_links":{"self":[{"href":"https:\/\/petzl-solutions-switzerland.com\/fr\/wp-json\/wp\/v2\/pages\/34801","targetHints":{"allow":["GET"]}}],"collection":[{"href":"https:\/\/petzl-solutions-switzerland.com\/fr\/wp-json\/wp\/v2\/pages"}],"about":[{"href":"https:\/\/petzl-solutions-switzerland.com\/fr\/wp-json\/wp\/v2\/types\/page"}],"author":[{"embeddable":true,"href":"https:\/\/petzl-solutions-switzerland.com\/fr\/wp-json\/wp\/v2\/users\/667"}],"replies":[{"embeddable":true,"href":"https:\/\/petzl-solutions-switzerland.com\/fr\/wp-json\/wp\/v2\/comments?post=34801"}],"version-history":[{"count":2,"href":"https:\/\/petzl-solutions-switzerland.com\/fr\/wp-json\/wp\/v2\/pages\/34801\/revisions"}],"predecessor-version":[{"id":36154,"href":"https:\/\/petzl-solutions-switzerland.com\/fr\/wp-json\/wp\/v2\/pages\/34801\/revisions\/36154"}],"wp:attachment":[{"href":"https:\/\/petzl-solutions-switzerland.com\/fr\/wp-json\/wp\/v2\/media?parent=34801"}],"curies":[{"name":"wp","href":"https:\/\/api.w.org\/{rel}","templated":true}]}}